{"id":89,"date":"2021-07-23T04:40:21","date_gmt":"2021-07-23T02:40:21","guid":{"rendered":"http:\/\/janchristen.com\/?page_id=89"},"modified":"2024-04-17T17:23:53","modified_gmt":"2024-04-17T15:23:53","slug":"datenschutzerklaerung","status":"publish","type":"page","link":"https:\/\/janchristen.com\/en\/datenschutzerklaerung\/","title":{"rendered":"Datenschutzerkl\u00e4rung"},"content":{"rendered":"<p><div class=\"fusion-fullwidth fullwidth-box fusion-builder-row-2 fusion-flex-container has-pattern-background has-mask-background nonhundred-percent-fullwidth non-hundred-percent-height-scrolling\" style=\"--awb-border-radius-top-left:0px;--awb-border-radius-top-right:0px;--awb-border-radius-bottom-right:0px;--awb-border-radius-bottom-left:0px;--awb-background-color:var(--awb-color1);--awb-flex-wrap:wrap;\" ><div class=\"fusion-builder-row fusion-row fusion-flex-align-items-flex-start fusion-flex-content-wrap\" style=\"max-width:1248px;margin-left: calc(-4% \/ 2 );margin-right: calc(-4% \/ 2 );\"><div class=\"fusion-layout-column fusion_builder_column fusion-builder-column-1 fusion_builder_column_1_1 1_1 fusion-flex-column\" style=\"--awb-bg-size:cover;--awb-width-large:100%;--awb-margin-top-large:0px;--awb-spacing-right-large:1.92%;--awb-margin-bottom-large:0px;--awb-spacing-left-large:1.92%;--awb-width-medium:100%;--awb-spacing-right-medium:1.92%;--awb-spacing-left-medium:1.92%;--awb-width-small:100%;--awb-spacing-right-small:1.92%;--awb-spacing-left-small:1.92%;\"><div class=\"fusion-column-wrapper fusion-flex-justify-content-flex-start fusion-content-layout-column\"><div class=\"fusion-separator fusion-full-width-sep\" style=\"align-self: center;margin-left: auto;margin-right: auto;margin-top:100px;width:100%;\"><\/div><div class=\"fusion-title title fusion-title-2 fusion-sep-none fusion-title-text fusion-title-size-two\" style=\"--awb-text-color:var(--awb-custom15);\"><h2 class=\"fusion-title-heading title-heading-left\" style=\"margin:0;\">Datenschutzerkl\u00e4rung<\/h2><\/div><div class=\"fusion-text fusion-text-2\" style=\"--awb-text-color:var(--awb-custom15);\"><p><strong><em>Kontakt-Adresse<\/em><\/strong><\/p>\n<p>Jan Christen<br \/>\nErlenweg 11<br \/>\n5316 Leuggern<br \/>\nSchweiz<\/p>\n<p>E-Mail:<br \/>\n<a href=\"mailto:info@janchristen.com\">info@janchristen.com<\/a><\/p>\n<p>&nbsp;<\/p>\n<p><strong><em>Haftungsausschluss<\/em><\/strong><\/p>\n<p>Der Autor \u00fcbernimmt keinerlei Gew\u00e4hr hinsichtlich der inhaltlichen Richtigkeit, Genauigkeit, Aktualit\u00e4t, Zuverl\u00e4ssigkeit und Vollst\u00e4ndigkeit der Informationen.<\/p>\n<p>Haftungsanspr\u00fcche gegen den Autor wegen Sch\u00e4den materieller oder immaterieller Art, welche aus dem Zugriff oder der Nutzung bzw. Nichtnutzung der ver\u00f6ffentlichten Informationen, durch Missbrauch der Verbindung oder durch technische St\u00f6rungen entstanden sind, werden ausgeschlossen.<\/p>\n<p>Alle Angebote sind unverbindlich. Der Autor beh\u00e4lt es sich ausdr\u00fccklich vor, Teile der Seiten oder das gesamte Angebot ohne besondere Ank\u00fcndigung zu ver\u00e4ndern, zu erg\u00e4nzen, zu l\u00f6schen oder die Ver\u00f6ffentlichung zeitweise oder endg\u00fcltig einzustellen.<\/p>\n<p>&nbsp;<\/p>\n<p><strong><em>Haftungsausschluss f\u00fcr Links<\/em><\/strong><\/p>\n<p>Verweise und Links auf Webseiten Dritter liegen ausserhalb unseres Verantwortungsbereichs. Es wird jegliche Verantwortung f\u00fcr solche Webseiten abgelehnt. Der Zugriff und die Nutzung solcher Webseiten erfolgen auf eigene Gefahr des jeweiligen Nutzers.<\/p>\n<p>&nbsp;<\/p>\n<p><strong><em>Urheberrechte<\/em><\/strong><\/p>\n<p>Die Urheber- und alle anderen Rechte an Inhalten, Bildern, Fotos oder anderen Dateien auf dieser Website, geh\u00f6ren ausschliesslich\u00a0<strong>Jan Christen<\/strong>\u00a0oder den speziell genannten Rechteinhabern. F\u00fcr die Reproduktion jeglicher Elemente ist die schriftliche Zustimmung des Urheberrechtstr\u00e4gers im Voraus einzuholen.<\/p>\n<p>&nbsp;<\/p>\n<p>&nbsp;<\/p>\n<p>Quelle:\u00a0<a href=\"https:\/\/www.swissanwalt.ch\/\" target=\"_blank\" rel=\"noreferrer noopener\">SwissAnwalt<\/a><\/p>\n<p>&nbsp;<\/p>\n<p>&nbsp;<\/p>\n<\/div><div ><a class=\"fusion-button button-flat fusion-button-default-size button-custom fusion-button-default button-2 fusion-button-default-span fusion-button-default-type\" style=\"--button_accent_color:#ffffff;--button_accent_hover_color:#ffffff;--button_border_hover_color:#ffffff;--button_gradient_top_color:var(--awb-color5);--button_gradient_bottom_color:var(--awb-color5);--button_gradient_top_color_hover:var(--awb-custom12);--button_gradient_bottom_color_hover:var(--awb-custom12);--button_margin-bottom:6%;\" target=\"_self\" href=\"https:\/\/janchristen.com\/\"><span class=\"fusion-button-text awb-button__text awb-button__text--default\">back to home<\/span><\/a><\/div><\/div><\/div><\/div><\/div><\/p>","protected":false},"excerpt":{"rendered":"<p>Sorry, this entry is only available in DE.<\/p>\n","protected":false},"author":1,"featured_media":0,"parent":0,"menu_order":5,"comment_status":"closed","ping_status":"closed","template":"100-width.php","meta":{"footnotes":""},"class_list":["post-89","page","type-page","status-publish","hentry"],"yoast_head":"<!-- This site is optimized with the Yoast SEO plugin v27.3 - https:\/\/yoast.com\/product\/yoast-seo-wordpress\/ -->\n<title>Datenschutzerkl\u00e4rung - janchristen.com<\/title>\n<meta name=\"robots\" content=\"index, follow, max-snippet:-1, max-image-preview:large, max-video-preview:-1\" \/>\n<link rel=\"canonical\" href=\"https:\/\/janchristen.com\/en\/datenschutzerklaerung\/\" \/>\n<meta property=\"og:locale\" content=\"en_US\" \/>\n<meta property=\"og:type\" content=\"article\" \/>\n<meta property=\"og:title\" content=\"Datenschutzerkl\u00e4rung - janchristen.com\" \/>\n<meta property=\"og:description\" content=\"Sorry, this entry is only available in DE.\" \/>\n<meta property=\"og:url\" content=\"https:\/\/janchristen.com\/en\/datenschutzerklaerung\/\" \/>\n<meta property=\"og:site_name\" content=\"janchristen.com\" \/>\n<meta property=\"article:modified_time\" content=\"2024-04-17T15:23:53+00:00\" \/>\n<meta name=\"twitter:card\" content=\"summary_large_image\" \/>\n<meta name=\"twitter:label1\" content=\"Est. reading time\" \/>\n\t<meta name=\"twitter:data1\" content=\"1 minute\" \/>\n<script type=\"application\/ld+json\" class=\"yoast-schema-graph\">{\"@context\":\"https:\\\/\\\/schema.org\",\"@graph\":[{\"@type\":\"WebPage\",\"@id\":\"https:\\\/\\\/janchristen.com\\\/en\\\/datenschutzerklaerung\\\/\",\"url\":\"https:\\\/\\\/janchristen.com\\\/en\\\/datenschutzerklaerung\\\/\",\"name\":\"Datenschutzerkl\u00e4rung - janchristen.com\",\"isPartOf\":{\"@id\":\"https:\\\/\\\/janchristen.com\\\/en\\\/#website\"},\"datePublished\":\"2021-07-23T02:40:21+00:00\",\"dateModified\":\"2024-04-17T15:23:53+00:00\",\"breadcrumb\":{\"@id\":\"https:\\\/\\\/janchristen.com\\\/en\\\/datenschutzerklaerung\\\/#breadcrumb\"},\"inLanguage\":\"en-US\",\"potentialAction\":[{\"@type\":\"ReadAction\",\"target\":[[\"https:\\\/\\\/janchristen.com\\\/en\\\/datenschutzerklaerung\\\/\"]]}]},{\"@type\":\"BreadcrumbList\",\"@id\":\"https:\\\/\\\/janchristen.com\\\/en\\\/datenschutzerklaerung\\\/#breadcrumb\",\"itemListElement\":[{\"@type\":\"ListItem\",\"position\":1,\"name\":\"Home\",\"item\":\"https:\\\/\\\/janchristen.com\\\/en\\\/\"},{\"@type\":\"ListItem\",\"position\":2,\"name\":\"Datenschutzerkl\u00e4rung\"}]},{\"@type\":\"WebSite\",\"@id\":\"https:\\\/\\\/janchristen.com\\\/en\\\/#website\",\"url\":\"https:\\\/\\\/janchristen.com\\\/en\\\/\",\"name\":\"janchristen.com\",\"description\":\"\",\"publisher\":{\"@id\":\"https:\\\/\\\/janchristen.com\\\/en\\\/#\\\/schema\\\/person\\\/809a8668dbf4dd4fb972870eb9959ec7\"},\"potentialAction\":[{\"@type\":\"SearchAction\",\"target\":{\"@type\":\"EntryPoint\",\"urlTemplate\":\"https:\\\/\\\/janchristen.com\\\/en\\\/?s={search_term_string}\"},\"query-input\":{\"@type\":\"PropertyValueSpecification\",\"valueRequired\":true,\"valueName\":\"search_term_string\"}}],\"inLanguage\":\"en-US\"},{\"@type\":[\"Person\",\"Organization\"],\"@id\":\"https:\\\/\\\/janchristen.com\\\/en\\\/#\\\/schema\\\/person\\\/809a8668dbf4dd4fb972870eb9959ec7\",\"name\":\"administrator\",\"image\":{\"@type\":\"ImageObject\",\"inLanguage\":\"en-US\",\"@id\":\"https:\\\/\\\/secure.gravatar.com\\\/avatar\\\/4f13c6099b5d2fd4007318a7cbd7de86f898fc755d0a24a80b027e58f832486e?s=96&d=mm&r=g\",\"url\":\"https:\\\/\\\/secure.gravatar.com\\\/avatar\\\/4f13c6099b5d2fd4007318a7cbd7de86f898fc755d0a24a80b027e58f832486e?s=96&d=mm&r=g\",\"contentUrl\":\"https:\\\/\\\/secure.gravatar.com\\\/avatar\\\/4f13c6099b5d2fd4007318a7cbd7de86f898fc755d0a24a80b027e58f832486e?s=96&d=mm&r=g\",\"caption\":\"administrator\"},\"logo\":{\"@id\":\"https:\\\/\\\/secure.gravatar.com\\\/avatar\\\/4f13c6099b5d2fd4007318a7cbd7de86f898fc755d0a24a80b027e58f832486e?s=96&d=mm&r=g\"},\"sameAs\":[\"http:\\\/\\\/janchristen.com\"]}]}<\/script>\n<!-- \/ Yoast SEO plugin. -->","yoast_head_json":{"title":"Datenschutzerkl\u00e4rung - janchristen.com","robots":{"index":"index","follow":"follow","max-snippet":"max-snippet:-1","max-image-preview":"max-image-preview:large","max-video-preview":"max-video-preview:-1"},"canonical":"https:\/\/janchristen.com\/en\/datenschutzerklaerung\/","og_locale":"en_US","og_type":"article","og_title":"Datenschutzerkl\u00e4rung - janchristen.com","og_description":"Sorry, this entry is only available in DE.","og_url":"https:\/\/janchristen.com\/en\/datenschutzerklaerung\/","og_site_name":"janchristen.com","article_modified_time":"2024-04-17T15:23:53+00:00","twitter_card":"summary_large_image","twitter_misc":{"Est. reading time":"1 minute"},"schema":{"@context":"https:\/\/schema.org","@graph":[{"@type":"WebPage","@id":"https:\/\/janchristen.com\/en\/datenschutzerklaerung\/","url":"https:\/\/janchristen.com\/en\/datenschutzerklaerung\/","name":"Datenschutzerkl\u00e4rung - janchristen.com","isPartOf":{"@id":"https:\/\/janchristen.com\/en\/#website"},"datePublished":"2021-07-23T02:40:21+00:00","dateModified":"2024-04-17T15:23:53+00:00","breadcrumb":{"@id":"https:\/\/janchristen.com\/en\/datenschutzerklaerung\/#breadcrumb"},"inLanguage":"en-US","potentialAction":[{"@type":"ReadAction","target":[["https:\/\/janchristen.com\/en\/datenschutzerklaerung\/"]]}]},{"@type":"BreadcrumbList","@id":"https:\/\/janchristen.com\/en\/datenschutzerklaerung\/#breadcrumb","itemListElement":[{"@type":"ListItem","position":1,"name":"Home","item":"https:\/\/janchristen.com\/en\/"},{"@type":"ListItem","position":2,"name":"Datenschutzerkl\u00e4rung"}]},{"@type":"WebSite","@id":"https:\/\/janchristen.com\/en\/#website","url":"https:\/\/janchristen.com\/en\/","name":"janchristen.com","description":"","publisher":{"@id":"https:\/\/janchristen.com\/en\/#\/schema\/person\/809a8668dbf4dd4fb972870eb9959ec7"},"potentialAction":[{"@type":"SearchAction","target":{"@type":"EntryPoint","urlTemplate":"https:\/\/janchristen.com\/en\/?s={search_term_string}"},"query-input":{"@type":"PropertyValueSpecification","valueRequired":true,"valueName":"search_term_string"}}],"inLanguage":"en-US"},{"@type":["Person","Organization"],"@id":"https:\/\/janchristen.com\/en\/#\/schema\/person\/809a8668dbf4dd4fb972870eb9959ec7","name":"administrator","image":{"@type":"ImageObject","inLanguage":"en-US","@id":"https:\/\/secure.gravatar.com\/avatar\/4f13c6099b5d2fd4007318a7cbd7de86f898fc755d0a24a80b027e58f832486e?s=96&d=mm&r=g","url":"https:\/\/secure.gravatar.com\/avatar\/4f13c6099b5d2fd4007318a7cbd7de86f898fc755d0a24a80b027e58f832486e?s=96&d=mm&r=g","contentUrl":"https:\/\/secure.gravatar.com\/avatar\/4f13c6099b5d2fd4007318a7cbd7de86f898fc755d0a24a80b027e58f832486e?s=96&d=mm&r=g","caption":"administrator"},"logo":{"@id":"https:\/\/secure.gravatar.com\/avatar\/4f13c6099b5d2fd4007318a7cbd7de86f898fc755d0a24a80b027e58f832486e?s=96&d=mm&r=g"},"sameAs":["http:\/\/janchristen.com"]}]}},"_links":{"self":[{"href":"https:\/\/janchristen.com\/en\/wp-json\/wp\/v2\/pages\/89","targetHints":{"allow":["GET"]}}],"collection":[{"href":"https:\/\/janchristen.com\/en\/wp-json\/wp\/v2\/pages"}],"about":[{"href":"https:\/\/janchristen.com\/en\/wp-json\/wp\/v2\/types\/page"}],"author":[{"embeddable":true,"href":"https:\/\/janchristen.com\/en\/wp-json\/wp\/v2\/users\/1"}],"replies":[{"embeddable":true,"href":"https:\/\/janchristen.com\/en\/wp-json\/wp\/v2\/comments?post=89"}],"version-history":[{"count":14,"href":"https:\/\/janchristen.com\/en\/wp-json\/wp\/v2\/pages\/89\/revisions"}],"predecessor-version":[{"id":1217,"href":"https:\/\/janchristen.com\/en\/wp-json\/wp\/v2\/pages\/89\/revisions\/1217"}],"wp:attachment":[{"href":"https:\/\/janchristen.com\/en\/wp-json\/wp\/v2\/media?parent=89"}],"curies":[{"name":"wp","href":"https:\/\/api.w.org\/{rel}","templated":true}]}}